{"id":21664,"date":"2019-01-25T15:11:04","date_gmt":"2019-01-25T15:11:04","guid":{"rendered":"http:\/\/www.finquesmontane.cat\/?page_id=21664"},"modified":"2022-12-27T10:48:52","modified_gmt":"2022-12-27T09:48:52","slug":"preguntas-frecuentes-comunidades-de-propietarios","status":"publish","type":"page","link":"https:\/\/www.finquesmontane.cat\/es\/preguntas-frecuentes-comunidades-de-propietarios\/","title":{"rendered":"Preguntas frecuentes comunidades de propietarios"},"content":{"rendered":"<p>[vc_row equal_height=&#8221;yes&#8221; css=&#8221;.vc_custom_1540551940152{margin-top: -20px !important;}&#8221;][vc_column width=&#8221;2\/3&#8243;][vc_column_text]<\/p>\n<h1>FAQ&#8217;s comunidades de propietarios<\/h1>\n<p>[\/vc_column_text][\/vc_column][vc_column width=&#8221;1\/3&#8243;][vc_btn title=&#8221;&lt;- VOLVER A COMUNIDADES DE PROPIETARIOS&#8221; style=&#8221;outline&#8221; shape=&#8221;square&#8221; color=&#8221;inverse&#8221; size=&#8221;sm&#8221; align=&#8221;center&#8221; button_block=&#8221;true&#8221; link=&#8221;url:%2Fes%2Fcomunidades-de-propietarios%2F|||&#8221;][\/vc_column][\/vc_row][vc_row full_width=&#8221;stretch_row&#8221; bg_type=&#8221;image&#8221; parallax_style=&#8221;vcpb-vz-jquery&#8221; bg_image_new=&#8221;id^19349|url^http:\/\/www.finquesmontane.cat\/wp-content\/uploads\/2018\/10\/montane-2.jpg|caption^null|alt^null|title^montane|description^null&#8221; css=&#8221;.vc_custom_1541493748497{margin-bottom: -55px !important;}&#8221;][vc_column][vc_tta_accordion title_tag=&#8221;h5&#8243; section_title_tag=&#8221;h6&#8243; style=&#8221;modern&#8221; shape=&#8221;square&#8221; color=&#8221;white&#8221; active_section=&#8221;&#8221;][vc_tta_section title=&#8221;1. \u00bfCuando se tiene que constituir una Comunidad de Propietarios?&#8221; tab_id=&#8221;1540472876494-58dc96a8-e2f5&#8243;][vc_column_text]Una Comunidad de Propietarios se tiene que constituir cuando el inmueble est\u00e9 integrado por elementos privativos y elementos comunes.[\/vc_column_text][\/vc_tta_section][vc_tta_section title=&#8221;2. \u00bfCuando est\u00e1 legalmente constituida una Comunidad de Propietarios?&#8221; tab_id=&#8221;1540472876519-5313fbd8-caa3&#8243;][vc_column_text]Una comunidad est\u00e1 legalmente constituida cuando ha legalizado un libro de actas y ha solicitado un NIF a Hacienda. Previamente se tiene que haber celebrado una Junta donde se acuerde hacer esta legalizaci\u00f3n y se autoriza al presidente y\/o en el administrador a realizar esta tarea.[\/vc_column_text][\/vc_tta_section][vc_tta_section title=&#8221;3. \u00bfQu\u00e9 son los estatutos de la comunidad y qu\u00e9 contenido y limitaciones pueden tener?&#8221; tab_id=&#8221;1540472880753-1e5b1a76-b4fe&#8221;][vc_column_text]Los estatutos son las normas que rigen la organizaci\u00f3n y el funcionamiento de las comunidades y b\u00e1sicamente hacen referencia a:<br \/>\n\u2013 El uso y aprovechamiento de los bienes comunes y privativos.<br \/>\n\u2013 Las limitaciones de uso y cargas sobre los elementos privativos.<br \/>\n\u2013 El ejercicio de los derechos y el cumplimiento de las obligaciones.<br \/>\n\u2013 La aplicaci\u00f3n de gastos e ingresos y el reparto de cargas y beneficios.<br \/>\n\u2013 Los \u00f3rganos de gobierno complementarios a los establecidos por la normativa vigente y sus competencias.<br \/>\n\u2013 Directrices relacionadas con la gesti\u00f3n y administraci\u00f3n.[\/vc_column_text][\/vc_tta_section][vc_tta_section title=&#8221;4. \u00bfCada cuanto tiempo se tiene que reunir la Comunidad de Propietarios?&#8221; tab_id=&#8221;1540472881615-5b4a3cee-5a68&#8243;][vc_column_text]Como m\u00ednimo, una vez al a\u00f1o para aprobar la liquidaci\u00f3n, el presupuesto y renovar los cargos.[\/vc_column_text][\/vc_tta_section][vc_tta_section title=&#8221;5. \u00bfCon qu\u00e9 antelaci\u00f3n se tiene que convocar una reuni\u00f3n ordinaria y una extraordinaria?&#8221; tab_id=&#8221;1540472882521-26fe75ff-c95f&#8221;][vc_column_text]Una reuni\u00f3n ordinaria se tiene que convocar como m\u00ednimo con 8 d\u00edas naturales de antelaci\u00f3n, que se aconseja que sean h\u00e1biles.<br \/>\nLa reuni\u00f3n extraordinaria se tiene que convocar con el plazo m\u00ednimo necesario para que todo el mundo pueda estar enterado.[\/vc_column_text][\/vc_tta_section][vc_tta_section title=&#8221;6. \u00bfQui\u00e9n tiene que convocar una Junta Extraordinaria de la Comunidad de Propietarios?&#8221; tab_id=&#8221;1540472883894-530efe0d-4ff5&#8243;][vc_column_text]En principio la convoca el presidente de la Comunidad, el vicepresidente \u2013si hay- y si estos no lo han podido hacer, el Secretario, que suele ser el administrador de fincas. En caso de vacante, negativa o inactividad de todos ellos, un grupo de propietarios, que representen como m\u00ednimo una cuarta parte de la totalidad de los vecinos o bien que sumen la cuarta parte de cuotas de participaci\u00f3n, la pueden convocar.[\/vc_column_text][\/vc_tta_section][vc_tta_section title=&#8221;7. \u00bfTodos los acuerdos de la Junta se aprueban con las mismas mayor\u00edas?&#8221; tab_id=&#8221;1540474034743-1b714a86-14cb&#8221;][vc_column_text]No, hay acuerdos que se aprueban por mayor\u00eda simple de los propietarios, otros se acuerdan por unanimidad y otros por mayor\u00eda cualificada.[\/vc_column_text][\/vc_tta_section][vc_tta_section title=&#8221;8. \u00bfQui\u00e9n puede impugnar los acuerdos de la Junta?&#8221; tab_id=&#8221;1540474077894-561f8182-a2ed&#8221;][vc_column_text]Est\u00e1n legitimados para la impugnaci\u00f3n de un acuerdo de la Junta los propietarios que han votado en contra, los ausentes que se han adherido al acuerdo y quienes han sido privados ileg\u00edtimamente del derecho de voto. Si el acuerdo es contrario a las leyes, lo puede impugnar cualquier propietario o propietaria.<\/p>\n<p>Un propietario que no est\u00e9 al corriente de pago no puede impugnar un acuerdo tomado por la mayor\u00eda.[\/vc_column_text][\/vc_tta_section][vc_tta_section title=&#8221;9. \u00bfEl Presidente de la Comunidad de Propietarios, tiene la obligaci\u00f3n de continuar con el cargo m\u00e1s all\u00e1 de un a\u00f1o?&#8221; tab_id=&#8221;1540474078550-f1fbd2de-ba67&#8243;][vc_column_text]No, el cargo es de un a\u00f1o y se entiende prorrogado hasta la celebraci\u00f3n de la pr\u00f3xima Junta General Ordinaria de la Comunidad de Propietarios.[\/vc_column_text][\/vc_tta_section][vc_tta_section title=&#8221;10. \u00bfSe puede eximir a un propietario de la contribuci\u00f3n en algunos gastos de la comunidad de propietarios?&#8221; tab_id=&#8221;1540474118485-f138c895-5ccf&#8221;][vc_column_text]Todos los propietarios tienen la obligaci\u00f3n de contribuir a los gastos que se generen. No obstante, en el t\u00edtulo constitutivo de la propiedad horizontal o en los estatutos de la comunidad de propietarios podr\u00edan aparecer exenciones en el reparto de estos gastos.[\/vc_column_text][\/vc_tta_section][vc_tta_section title=&#8221;11. \u00bfQu\u00e9 pasa si un propietario no paga las cuotas acordadas por la Comunidad de Propietarios?&#8221; tab_id=&#8221;1540474119566-79d3c179-d06f&#8221;][vc_column_text]Se podr\u00e1 exigir judicialmente el pago de la deuda a trav\u00e9s de un procedimiento monitorio o verbal.<\/p>\n<p>Previamente, la comunidad de propietarios tiene que aprobar por mayor\u00eda la liquidaci\u00f3n de la deuda del propietario moroso indicando claramente el importe y el periodo y facultar al Presidente para que pueda ejercer las acciones judiciales oportunas.[\/vc_column_text][\/vc_tta_section][vc_tta_section title=&#8221;12. \u00bfUn elemento com\u00fan se puede transformar en un elemento privativo?&#8221; tab_id=&#8221;1540474120521-4abbb490-6d5b&#8221;][vc_column_text]S\u00ed, mediante el acuerdo un\u00e1nime de la Junta de propietarios, siempre y cuando sean elementos comunes que por su propia naturaleza sean susceptibles de pasar a ser privativos y\/o se puedan dividir, por ejemplo una cubierta comunitaria, una porter\u00eda, etc\u2026[\/vc_column_text][\/vc_tta_section][vc_tta_section title=&#8221;13. \u00bfEl Presidente de la Comunidad de Propietarios puede cobrar para ejercer el cargo?&#8221; tab_id=&#8221;1540474121279-6cd397eb-ac99&#8243;][vc_column_text]El cargo de la Presidencia de la Comunidad de Propietarios no est\u00e1 retribuido, salvo que la Junta de Propietarios as\u00ed lo acuerde.[\/vc_column_text][\/vc_tta_section][vc_tta_section title=&#8221;14. \u00bfQui\u00e9n tiene que mantener la terraza comunitaria de uso privativo situada en la cubierta del inmueble, el propietario o la comunidad de vecinos?&#8221; tab_id=&#8221;1540474189098-a103f106-0bbe&#8221;][vc_column_text]Estas terrazas son por naturaleza elementos de uso particular y exclusivo del propietario del piso donde sean. El mantenimiento ordinario de esta terraza, como las peque\u00f1as reparaciones de mantenimiento, van a cargo del propietario, y las reparaciones estructurales, van a cargo de toda la comunidad de propietarios.[\/vc_column_text][\/vc_tta_section][vc_tta_section title=&#8221;15. \u00bfSi un vecino acostumbra a poner m\u00fasica a un volumen muy molesto y, a pesar de haber sido advertido, no cambia de actitud, qu\u00e9 puede hacer la comunidad de propietarios?&#8221; tab_id=&#8221;1540474190139-78c32290-3b08&#8243;][vc_column_text]Se tiene que iniciar una acci\u00f3n judicial contra el causante de las molestias y si la sentencia da la raz\u00f3n a la comunidad, aparte de cesar indefinidamente la actividad, se pueden reclamar econ\u00f3micamente los da\u00f1os y perjuicios. Si el causante es un inquilino, la sentencia puede declarar extinguido el contrato de arrendamiento, as\u00ed como el desahucio inmediato del arrendatario.[\/vc_column_text][\/vc_tta_section][vc_tta_section title=&#8221;16. \u00bfSe tiene que cambiar la llave de paso del agua de nuestro piso porque tiene p\u00e9rdidas. A quien corresponde su reparaci\u00f3n o sustituci\u00f3n? Qui\u00e9n tiene que soportar el gasto?&#8221; tab_id=&#8221;1540474237051-6dec557f-7d49&#8243;][vc_column_text]A la pr\u00e1ctica se considera que la llave de paso corresponde a la Comunidad de Propietarios y no al propietario en particular, puesto que cuando se cambia toda la instalaci\u00f3n de los montantes de agua se dejan preparadas las conexiones individuales instaladas.[\/vc_column_text][\/vc_tta_section][\/vc_tta_accordion][vc_empty_space][\/vc_column][\/vc_row]<\/p>\n","protected":false},"excerpt":{"rendered":"<p>[vc_row equal_height=&#8221;yes&#8221; css=&#8221;.vc_custom_1540551940152{margin-top: -20px !important;}&#8221;][vc_column width=&#8221;2\/3&#8243;][vc_column_text] FAQ&#8217;s comunidades de propietarios [\/vc_column_text][\/vc_column][vc_column width=&#8221;1\/3&#8243;][vc_btn title=&#8221;&lt;- VOLVER A COMUNIDADES DE PROPIETARIOS&#8221; style=&#8221;outline&#8221; shape=&#8221;square&#8221; color=&#8221;inverse&#8221; size=&#8221;sm&#8221; align=&#8221;center&#8221; button_block=&#8221;true&#8221; link=&#8221;url:%2Fes%2Fcomunidades-de-propietarios%2F|||&#8221;][\/vc_column][\/vc_row][vc_row full_width=&#8221;stretch_row&#8221; bg_type=&#8221;image&#8221; parallax_style=&#8221;vcpb-vz-jquery&#8221; bg_image_new=&#8221;id^19349|url^http:\/\/www.finquesmontane.cat\/wp-content\/uploads\/2018\/10\/montane-2.jpg|caption^null|alt^null|title^montane|description^null&#8221; css=&#8221;.vc_custom_1541493748497{margin-bottom: -55px !important;}&#8221;][vc_column][vc_tta_accordion title_tag=&#8221;h5&#8243; section_title_tag=&#8221;h6&#8243; style=&#8221;modern&#8221; shape=&#8221;square&#8221; color=&#8221;white&#8221; active_section=&#8221;&#8221;][vc_tta_section title=&#8221;1. \u00bfCuando se tiene que constituir una Comunidad de Propietarios?&#8221; tab_id=&#8221;1540472876494-58dc96a8-e2f5&#8243;][vc_column_text]Una Comunidad de Propietarios se tiene que [&hellip;]<\/p>\n","protected":false},"author":1,"featured_media":0,"parent":0,"menu_order":0,"comment_status":"closed","ping_status":"closed","template":"","meta":{"footnotes":""},"class_list":["post-21664","page","type-page","status-publish","hentry"],"yoast_head":"<!-- This site is optimized with the Yoast SEO plugin v24.4 - https:\/\/yoast.com\/wordpress\/plugins\/seo\/ -->\n<title>Preguntas frecuentes comunidades de propietarios - Finques Montane<\/title>\n<meta name=\"robots\" content=\"index, follow, max-snippet:-1, max-image-preview:large, max-video-preview:-1\" \/>\n<link rel=\"canonical\" href=\"https:\/\/www.finquesmontane.cat\/es\/preguntas-frecuentes-comunidades-de-propietarios\/\" \/>\n<meta property=\"og:locale\" content=\"es_ES\" \/>\n<meta property=\"og:type\" content=\"article\" \/>\n<meta property=\"og:title\" content=\"Preguntas frecuentes comunidades de propietarios - Finques Montane\" \/>\n<meta property=\"og:description\" content=\"[vc_row equal_height=&#8221;yes&#8221; css=&#8221;.vc_custom_1540551940152{margin-top: -20px !important;}&#8221;][vc_column width=&#8221;2\/3&#8243;][vc_column_text] FAQ&#8217;s comunidades de propietarios [\/vc_column_text][\/vc_column][vc_column width=&#8221;1\/3&#8243;][vc_btn title=&#8221;&lt;- VOLVER A COMUNIDADES DE PROPIETARIOS&#8221; style=&#8221;outline&#8221; shape=&#8221;square&#8221; color=&#8221;inverse&#8221; size=&#8221;sm&#8221; align=&#8221;center&#8221; button_block=&#8221;true&#8221; link=&#8221;url:%2Fes%2Fcomunidades-de-propietarios%2F|||&#8221;][\/vc_column][\/vc_row][vc_row full_width=&#8221;stretch_row&#8221; bg_type=&#8221;image&#8221; parallax_style=&#8221;vcpb-vz-jquery&#8221; bg_image_new=&#8221;id^19349|url^http:\/\/www.finquesmontane.cat\/wp-content\/uploads\/2018\/10\/montane-2.jpg|caption^null|alt^null|title^montane|description^null&#8221; css=&#8221;.vc_custom_1541493748497{margin-bottom: -55px !important;}&#8221;][vc_column][vc_tta_accordion title_tag=&#8221;h5&#8243; section_title_tag=&#8221;h6&#8243; style=&#8221;modern&#8221; shape=&#8221;square&#8221; color=&#8221;white&#8221; active_section=&#8221;&#8221;][vc_tta_section title=&#8221;1. \u00bfCuando se tiene que constituir una Comunidad de Propietarios?&#8221; tab_id=&#8221;1540472876494-58dc96a8-e2f5&#8243;][vc_column_text]Una Comunidad de Propietarios se tiene que [&hellip;]\" \/>\n<meta property=\"og:url\" content=\"https:\/\/www.finquesmontane.cat\/es\/preguntas-frecuentes-comunidades-de-propietarios\/\" \/>\n<meta property=\"og:site_name\" content=\"Finques Montane\" \/>\n<meta property=\"article:modified_time\" content=\"2022-12-27T09:48:52+00:00\" \/>\n<meta name=\"twitter:card\" content=\"summary_large_image\" \/>\n<meta name=\"twitter:label1\" content=\"Tiempo de lectura\" \/>\n\t<meta name=\"twitter:data1\" content=\"5 minutos\" \/>\n<script type=\"application\/ld+json\" class=\"yoast-schema-graph\">{\"@context\":\"https:\/\/schema.org\",\"@graph\":[{\"@type\":\"WebPage\",\"@id\":\"https:\/\/www.finquesmontane.cat\/es\/preguntas-frecuentes-comunidades-de-propietarios\/\",\"url\":\"https:\/\/www.finquesmontane.cat\/es\/preguntas-frecuentes-comunidades-de-propietarios\/\",\"name\":\"Preguntas frecuentes comunidades de propietarios - Finques Montane\",\"isPartOf\":{\"@id\":\"https:\/\/www.finquesmontane.cat\/#website\"},\"datePublished\":\"2019-01-25T15:11:04+00:00\",\"dateModified\":\"2022-12-27T09:48:52+00:00\",\"breadcrumb\":{\"@id\":\"https:\/\/www.finquesmontane.cat\/es\/preguntas-frecuentes-comunidades-de-propietarios\/#breadcrumb\"},\"inLanguage\":\"es\",\"potentialAction\":[{\"@type\":\"ReadAction\",\"target\":[\"https:\/\/www.finquesmontane.cat\/es\/preguntas-frecuentes-comunidades-de-propietarios\/\"]}]},{\"@type\":\"BreadcrumbList\",\"@id\":\"https:\/\/www.finquesmontane.cat\/es\/preguntas-frecuentes-comunidades-de-propietarios\/#breadcrumb\",\"itemListElement\":[{\"@type\":\"ListItem\",\"position\":1,\"name\":\"Portada\",\"item\":\"https:\/\/www.finquesmontane.cat\/es\/\"},{\"@type\":\"ListItem\",\"position\":2,\"name\":\"Preguntas frecuentes comunidades de propietarios\"}]},{\"@type\":\"WebSite\",\"@id\":\"https:\/\/www.finquesmontane.cat\/#website\",\"url\":\"https:\/\/www.finquesmontane.cat\/\",\"name\":\"Finques Montane\",\"description\":\"\",\"potentialAction\":[{\"@type\":\"SearchAction\",\"target\":{\"@type\":\"EntryPoint\",\"urlTemplate\":\"https:\/\/www.finquesmontane.cat\/?s={search_term_string}\"},\"query-input\":{\"@type\":\"PropertyValueSpecification\",\"valueRequired\":true,\"valueName\":\"search_term_string\"}}],\"inLanguage\":\"es\"}]}<\/script>\n<!-- \/ Yoast SEO plugin. -->","yoast_head_json":{"title":"Preguntas frecuentes comunidades de propietarios - Finques Montane","robots":{"index":"index","follow":"follow","max-snippet":"max-snippet:-1","max-image-preview":"max-image-preview:large","max-video-preview":"max-video-preview:-1"},"canonical":"https:\/\/www.finquesmontane.cat\/es\/preguntas-frecuentes-comunidades-de-propietarios\/","og_locale":"es_ES","og_type":"article","og_title":"Preguntas frecuentes comunidades de propietarios - Finques Montane","og_description":"[vc_row equal_height=&#8221;yes&#8221; css=&#8221;.vc_custom_1540551940152{margin-top: -20px !important;}&#8221;][vc_column width=&#8221;2\/3&#8243;][vc_column_text] FAQ&#8217;s comunidades de propietarios [\/vc_column_text][\/vc_column][vc_column width=&#8221;1\/3&#8243;][vc_btn title=&#8221;&lt;- VOLVER A COMUNIDADES DE PROPIETARIOS&#8221; style=&#8221;outline&#8221; shape=&#8221;square&#8221; color=&#8221;inverse&#8221; size=&#8221;sm&#8221; align=&#8221;center&#8221; button_block=&#8221;true&#8221; link=&#8221;url:%2Fes%2Fcomunidades-de-propietarios%2F|||&#8221;][\/vc_column][\/vc_row][vc_row full_width=&#8221;stretch_row&#8221; bg_type=&#8221;image&#8221; parallax_style=&#8221;vcpb-vz-jquery&#8221; bg_image_new=&#8221;id^19349|url^http:\/\/www.finquesmontane.cat\/wp-content\/uploads\/2018\/10\/montane-2.jpg|caption^null|alt^null|title^montane|description^null&#8221; css=&#8221;.vc_custom_1541493748497{margin-bottom: -55px !important;}&#8221;][vc_column][vc_tta_accordion title_tag=&#8221;h5&#8243; section_title_tag=&#8221;h6&#8243; style=&#8221;modern&#8221; shape=&#8221;square&#8221; color=&#8221;white&#8221; active_section=&#8221;&#8221;][vc_tta_section title=&#8221;1. \u00bfCuando se tiene que constituir una Comunidad de Propietarios?&#8221; tab_id=&#8221;1540472876494-58dc96a8-e2f5&#8243;][vc_column_text]Una Comunidad de Propietarios se tiene que [&hellip;]","og_url":"https:\/\/www.finquesmontane.cat\/es\/preguntas-frecuentes-comunidades-de-propietarios\/","og_site_name":"Finques Montane","article_modified_time":"2022-12-27T09:48:52+00:00","twitter_card":"summary_large_image","twitter_misc":{"Tiempo de lectura":"5 minutos"},"schema":{"@context":"https:\/\/schema.org","@graph":[{"@type":"WebPage","@id":"https:\/\/www.finquesmontane.cat\/es\/preguntas-frecuentes-comunidades-de-propietarios\/","url":"https:\/\/www.finquesmontane.cat\/es\/preguntas-frecuentes-comunidades-de-propietarios\/","name":"Preguntas frecuentes comunidades de propietarios - Finques Montane","isPartOf":{"@id":"https:\/\/www.finquesmontane.cat\/#website"},"datePublished":"2019-01-25T15:11:04+00:00","dateModified":"2022-12-27T09:48:52+00:00","breadcrumb":{"@id":"https:\/\/www.finquesmontane.cat\/es\/preguntas-frecuentes-comunidades-de-propietarios\/#breadcrumb"},"inLanguage":"es","potentialAction":[{"@type":"ReadAction","target":["https:\/\/www.finquesmontane.cat\/es\/preguntas-frecuentes-comunidades-de-propietarios\/"]}]},{"@type":"BreadcrumbList","@id":"https:\/\/www.finquesmontane.cat\/es\/preguntas-frecuentes-comunidades-de-propietarios\/#breadcrumb","itemListElement":[{"@type":"ListItem","position":1,"name":"Portada","item":"https:\/\/www.finquesmontane.cat\/es\/"},{"@type":"ListItem","position":2,"name":"Preguntas frecuentes comunidades de propietarios"}]},{"@type":"WebSite","@id":"https:\/\/www.finquesmontane.cat\/#website","url":"https:\/\/www.finquesmontane.cat\/","name":"Finques Montane","description":"","potentialAction":[{"@type":"SearchAction","target":{"@type":"EntryPoint","urlTemplate":"https:\/\/www.finquesmontane.cat\/?s={search_term_string}"},"query-input":{"@type":"PropertyValueSpecification","valueRequired":true,"valueName":"search_term_string"}}],"inLanguage":"es"}]}},"_links":{"self":[{"href":"https:\/\/www.finquesmontane.cat\/es\/wp-json\/wp\/v2\/pages\/21664","targetHints":{"allow":["GET"]}}],"collection":[{"href":"https:\/\/www.finquesmontane.cat\/es\/wp-json\/wp\/v2\/pages"}],"about":[{"href":"https:\/\/www.finquesmontane.cat\/es\/wp-json\/wp\/v2\/types\/page"}],"author":[{"embeddable":true,"href":"https:\/\/www.finquesmontane.cat\/es\/wp-json\/wp\/v2\/users\/1"}],"replies":[{"embeddable":true,"href":"https:\/\/www.finquesmontane.cat\/es\/wp-json\/wp\/v2\/comments?post=21664"}],"version-history":[{"count":1,"href":"https:\/\/www.finquesmontane.cat\/es\/wp-json\/wp\/v2\/pages\/21664\/revisions"}],"predecessor-version":[{"id":45630,"href":"https:\/\/www.finquesmontane.cat\/es\/wp-json\/wp\/v2\/pages\/21664\/revisions\/45630"}],"wp:attachment":[{"href":"https:\/\/www.finquesmontane.cat\/es\/wp-json\/wp\/v2\/media?parent=21664"}],"curies":[{"name":"wp","href":"https:\/\/api.w.org\/{rel}","templated":true}]}}