{"id":18390,"date":"2018-05-22T08:17:59","date_gmt":"2018-05-22T08:17:59","guid":{"rendered":"http:\/\/www.finquesmontane.cat\/?page_id=18390"},"modified":"2023-03-23T14:11:08","modified_gmt":"2023-03-23T13:11:08","slug":"empresa-actual-2","status":"publish","type":"page","link":"https:\/\/www.finquesmontane.cat\/es\/empresa-actual-2\/","title":{"rendered":"Empresa actual"},"content":{"rendered":"<p>[vc_row full_width=&#8221;stretch_row&#8221; bg_type=&#8221;image&#8221; parallax_style=&#8221;vcpb-vz-jquery&#8221; bg_image_new=&#8221;id^19349|url^http:\/\/www.finquesmontane.cat\/wp-content\/uploads\/2018\/10\/montane-2.jpg|caption^null|alt^null|title^montane|description^null&#8221; css=&#8221;.vc_custom_1541493834250{margin-bottom: -55px !important;}&#8221;][vc_column][vc_row_inner][vc_column_inner width=&#8221;2\/3&#8243;][vc_empty_space][vc_column_text]<\/p>\n<div id=\"presentacio\">\n<h4>FINQUES MONTAN\u00c9 es una <strong> empresa familiar de servicios<\/strong> que se dedica, desde hace m\u00e1s de 75 a\u00f1os y de forma <strong>integral<\/strong>, a asesorar, orientar y satisfacer las necesidades de <strong>particulares<\/strong>,<strong>aut\u00f3nomos<\/strong> y <strong>peque\u00f1as y medianas empresas <\/strong> en el <strong> sector inmobiliario, fiscal, laboral y de administraci\u00f3n<\/strong>.<\/h4>\n<\/div>\n<p>[\/vc_column_text][vc_empty_space height=&#8221;12px&#8221;][vc_column_text]<\/p>\n<div id=\"presentacio\">\n<p style=\"font-size: 16px;\">Nuestro equipo humano est\u00e1 formado por 27 profesionales, entre los que se encuentran economistas, asesores fiscales, graduados sociales, asesores laborales, gestores administrativos, administradores de fincas, agentes de la propiedad inmobiliaria, agentes de seguros, abogados, ingenieros t\u00e9cnicos industriales, ingenieros t\u00e9cnicos de telecomunicaciones, entre otros, que tienen una formaci\u00f3n continuada para ofrecer el mejor servicio a los clientes que, a\u00f1o tras a\u00f1o, han confiado en nosotros.<\/p>\n<\/div>\n<p>[\/vc_column_text][vc_single_image image=&#8221;21621&#8243; img_size=&#8221;full&#8221; alignment=&#8221;center&#8221;][\/vc_column_inner][vc_column_inner width=&#8221;1\/3&#8243;][vc_empty_space][\/vc_column_inner][\/vc_row_inner][vc_empty_space][vc_row_inner][vc_column_inner width=&#8221;1\/2&#8243;][vc_gallery interval=&#8221;5&#8243; images=&#8221;48549,45585,45962,45961,45591,45967,45601,45583,45599,45587,45597&#8243; img_size=&#8221;700&#215;450&#8243;][\/vc_column_inner][vc_column_inner width=&#8221;1\/2&#8243;][vc_column_text]Los VALORES de nuestra empresa son la proximidad, el dinamismo, el rigor, la \u00e9tica, la autoexigencia y la profesionalidad.<\/p>\n<p>Como a organizaci\u00f3n empresarial buscamos ofrecer al cliente un servicio global; dar un valor a\u00f1adido en cada uno de los servicios que ofrecemos; tener visi\u00f3n de futuro, super\u00e1ndonos y mejorando cada d\u00eda; y comprometernos con el equipo humano que forma parte de las empresas del grupo.[\/vc_column_text][\/vc_column_inner][\/vc_row_inner][vc_empty_space height=&#8221;50px&#8221;][\/vc_column][\/vc_row]<\/p>\n","protected":false},"excerpt":{"rendered":"<p>[vc_row full_width=&#8221;stretch_row&#8221; bg_type=&#8221;image&#8221; parallax_style=&#8221;vcpb-vz-jquery&#8221; bg_image_new=&#8221;id^19349|url^http:\/\/www.finquesmontane.cat\/wp-content\/uploads\/2018\/10\/montane-2.jpg|caption^null|alt^null|title^montane|description^null&#8221; css=&#8221;.vc_custom_1541493834250{margin-bottom: -55px !important;}&#8221;][vc_column][vc_row_inner][vc_column_inner width=&#8221;2\/3&#8243;][vc_empty_space][vc_column_text] FINQUES MONTAN\u00c9 es una empresa familiar de servicios que se dedica, desde hace m\u00e1s de 75 a\u00f1os y de forma integral, a asesorar, orientar y satisfacer las necesidades de particulares,aut\u00f3nomos y peque\u00f1as y medianas empresas en el sector inmobiliario, fiscal, laboral y de administraci\u00f3n. [\/vc_column_text][vc_empty_space height=&#8221;12px&#8221;][vc_column_text] [&hellip;]<\/p>\n","protected":false},"author":1,"featured_media":0,"parent":0,"menu_order":0,"comment_status":"closed","ping_status":"closed","template":"template\/template-page.php","meta":{"footnotes":""},"class_list":["post-18390","page","type-page","status-publish","hentry"],"yoast_head":"<!-- This site is optimized with the Yoast SEO plugin v24.4 - https:\/\/yoast.com\/wordpress\/plugins\/seo\/ -->\n<title>Empresa actual - Finques Montane<\/title>\n<meta name=\"robots\" content=\"index, follow, max-snippet:-1, max-image-preview:large, max-video-preview:-1\" \/>\n<link rel=\"canonical\" href=\"https:\/\/www.finquesmontane.cat\/es\/empresa-actual-2\/\" \/>\n<meta property=\"og:locale\" content=\"es_ES\" \/>\n<meta property=\"og:type\" content=\"article\" \/>\n<meta property=\"og:title\" content=\"Empresa actual - Finques Montane\" \/>\n<meta property=\"og:description\" content=\"[vc_row full_width=&#8221;stretch_row&#8221; bg_type=&#8221;image&#8221; parallax_style=&#8221;vcpb-vz-jquery&#8221; bg_image_new=&#8221;id^19349|url^http:\/\/www.finquesmontane.cat\/wp-content\/uploads\/2018\/10\/montane-2.jpg|caption^null|alt^null|title^montane|description^null&#8221; css=&#8221;.vc_custom_1541493834250{margin-bottom: -55px !important;}&#8221;][vc_column][vc_row_inner][vc_column_inner width=&#8221;2\/3&#8243;][vc_empty_space][vc_column_text] FINQUES MONTAN\u00c9 es una empresa familiar de servicios que se dedica, desde hace m\u00e1s de 75 a\u00f1os y de forma integral, a asesorar, orientar y satisfacer las necesidades de particulares,aut\u00f3nomos y peque\u00f1as y medianas empresas en el sector inmobiliario, fiscal, laboral y de administraci\u00f3n. [\/vc_column_text][vc_empty_space height=&#8221;12px&#8221;][vc_column_text] [&hellip;]\" \/>\n<meta property=\"og:url\" content=\"https:\/\/www.finquesmontane.cat\/es\/empresa-actual-2\/\" \/>\n<meta property=\"og:site_name\" content=\"Finques Montane\" \/>\n<meta property=\"article:modified_time\" content=\"2023-03-23T13:11:08+00:00\" \/>\n<meta name=\"twitter:card\" content=\"summary_large_image\" \/>\n<meta name=\"twitter:label1\" content=\"Tiempo de lectura\" \/>\n\t<meta name=\"twitter:data1\" content=\"2 minutos\" \/>\n<script type=\"application\/ld+json\" class=\"yoast-schema-graph\">{\"@context\":\"https:\/\/schema.org\",\"@graph\":[{\"@type\":\"WebPage\",\"@id\":\"https:\/\/www.finquesmontane.cat\/es\/empresa-actual-2\/\",\"url\":\"https:\/\/www.finquesmontane.cat\/es\/empresa-actual-2\/\",\"name\":\"Empresa actual - Finques Montane\",\"isPartOf\":{\"@id\":\"https:\/\/www.finquesmontane.cat\/#website\"},\"datePublished\":\"2018-05-22T08:17:59+00:00\",\"dateModified\":\"2023-03-23T13:11:08+00:00\",\"breadcrumb\":{\"@id\":\"https:\/\/www.finquesmontane.cat\/es\/empresa-actual-2\/#breadcrumb\"},\"inLanguage\":\"es\",\"potentialAction\":[{\"@type\":\"ReadAction\",\"target\":[\"https:\/\/www.finquesmontane.cat\/es\/empresa-actual-2\/\"]}]},{\"@type\":\"BreadcrumbList\",\"@id\":\"https:\/\/www.finquesmontane.cat\/es\/empresa-actual-2\/#breadcrumb\",\"itemListElement\":[{\"@type\":\"ListItem\",\"position\":1,\"name\":\"Portada\",\"item\":\"https:\/\/www.finquesmontane.cat\/es\/\"},{\"@type\":\"ListItem\",\"position\":2,\"name\":\"Empresa actual\"}]},{\"@type\":\"WebSite\",\"@id\":\"https:\/\/www.finquesmontane.cat\/#website\",\"url\":\"https:\/\/www.finquesmontane.cat\/\",\"name\":\"Finques Montane\",\"description\":\"\",\"potentialAction\":[{\"@type\":\"SearchAction\",\"target\":{\"@type\":\"EntryPoint\",\"urlTemplate\":\"https:\/\/www.finquesmontane.cat\/?s={search_term_string}\"},\"query-input\":{\"@type\":\"PropertyValueSpecification\",\"valueRequired\":true,\"valueName\":\"search_term_string\"}}],\"inLanguage\":\"es\"}]}<\/script>\n<!-- \/ Yoast SEO plugin. -->","yoast_head_json":{"title":"Empresa actual - Finques Montane","robots":{"index":"index","follow":"follow","max-snippet":"max-snippet:-1","max-image-preview":"max-image-preview:large","max-video-preview":"max-video-preview:-1"},"canonical":"https:\/\/www.finquesmontane.cat\/es\/empresa-actual-2\/","og_locale":"es_ES","og_type":"article","og_title":"Empresa actual - Finques Montane","og_description":"[vc_row full_width=&#8221;stretch_row&#8221; bg_type=&#8221;image&#8221; parallax_style=&#8221;vcpb-vz-jquery&#8221; bg_image_new=&#8221;id^19349|url^http:\/\/www.finquesmontane.cat\/wp-content\/uploads\/2018\/10\/montane-2.jpg|caption^null|alt^null|title^montane|description^null&#8221; css=&#8221;.vc_custom_1541493834250{margin-bottom: -55px !important;}&#8221;][vc_column][vc_row_inner][vc_column_inner width=&#8221;2\/3&#8243;][vc_empty_space][vc_column_text] FINQUES MONTAN\u00c9 es una empresa familiar de servicios que se dedica, desde hace m\u00e1s de 75 a\u00f1os y de forma integral, a asesorar, orientar y satisfacer las necesidades de particulares,aut\u00f3nomos y peque\u00f1as y medianas empresas en el sector inmobiliario, fiscal, laboral y de administraci\u00f3n. [\/vc_column_text][vc_empty_space height=&#8221;12px&#8221;][vc_column_text] [&hellip;]","og_url":"https:\/\/www.finquesmontane.cat\/es\/empresa-actual-2\/","og_site_name":"Finques Montane","article_modified_time":"2023-03-23T13:11:08+00:00","twitter_card":"summary_large_image","twitter_misc":{"Tiempo de lectura":"2 minutos"},"schema":{"@context":"https:\/\/schema.org","@graph":[{"@type":"WebPage","@id":"https:\/\/www.finquesmontane.cat\/es\/empresa-actual-2\/","url":"https:\/\/www.finquesmontane.cat\/es\/empresa-actual-2\/","name":"Empresa actual - Finques Montane","isPartOf":{"@id":"https:\/\/www.finquesmontane.cat\/#website"},"datePublished":"2018-05-22T08:17:59+00:00","dateModified":"2023-03-23T13:11:08+00:00","breadcrumb":{"@id":"https:\/\/www.finquesmontane.cat\/es\/empresa-actual-2\/#breadcrumb"},"inLanguage":"es","potentialAction":[{"@type":"ReadAction","target":["https:\/\/www.finquesmontane.cat\/es\/empresa-actual-2\/"]}]},{"@type":"BreadcrumbList","@id":"https:\/\/www.finquesmontane.cat\/es\/empresa-actual-2\/#breadcrumb","itemListElement":[{"@type":"ListItem","position":1,"name":"Portada","item":"https:\/\/www.finquesmontane.cat\/es\/"},{"@type":"ListItem","position":2,"name":"Empresa actual"}]},{"@type":"WebSite","@id":"https:\/\/www.finquesmontane.cat\/#website","url":"https:\/\/www.finquesmontane.cat\/","name":"Finques Montane","description":"","potentialAction":[{"@type":"SearchAction","target":{"@type":"EntryPoint","urlTemplate":"https:\/\/www.finquesmontane.cat\/?s={search_term_string}"},"query-input":{"@type":"PropertyValueSpecification","valueRequired":true,"valueName":"search_term_string"}}],"inLanguage":"es"}]}},"_links":{"self":[{"href":"https:\/\/www.finquesmontane.cat\/es\/wp-json\/wp\/v2\/pages\/18390","targetHints":{"allow":["GET"]}}],"collection":[{"href":"https:\/\/www.finquesmontane.cat\/es\/wp-json\/wp\/v2\/pages"}],"about":[{"href":"https:\/\/www.finquesmontane.cat\/es\/wp-json\/wp\/v2\/types\/page"}],"author":[{"embeddable":true,"href":"https:\/\/www.finquesmontane.cat\/es\/wp-json\/wp\/v2\/users\/1"}],"replies":[{"embeddable":true,"href":"https:\/\/www.finquesmontane.cat\/es\/wp-json\/wp\/v2\/comments?post=18390"}],"version-history":[{"count":19,"href":"https:\/\/www.finquesmontane.cat\/es\/wp-json\/wp\/v2\/pages\/18390\/revisions"}],"predecessor-version":[{"id":49088,"href":"https:\/\/www.finquesmontane.cat\/es\/wp-json\/wp\/v2\/pages\/18390\/revisions\/49088"}],"wp:attachment":[{"href":"https:\/\/www.finquesmontane.cat\/es\/wp-json\/wp\/v2\/media?parent=18390"}],"curies":[{"name":"wp","href":"https:\/\/api.w.org\/{rel}","templated":true}]}}